{"id":1121,"date":"2026-03-24T18:27:21","date_gmt":"2026-03-24T17:27:21","guid":{"rendered":"https:\/\/sohnrey-it.de\/?page_id=1121"},"modified":"2026-04-04T18:26:06","modified_gmt":"2026-04-04T16:26:06","slug":"karriere","status":"publish","type":"page","link":"https:\/\/sohnrey-it.de\/?page_id=1121","title":{"rendered":"Karriere"},"content":{"rendered":"<p style=\"font-weight: 400;\"><span style=\"font-family: arial, helvetica, sans-serif;\"><span style=\"font-size: 14pt;\">Die Firma SIT GmbH ist ein seit \u00fcber 20 Jahren vom Eigent\u00fcmer gef\u00fchrtes Familienunternehmen und entwickelt und liefert Corona- und Plasma-Generatoren f\u00fcr die Vorbehandlung von Oberfl\u00e4chen an namhafte Industrie-Unternehmen. <\/span><span style=\"font-size: 14pt;\">Zur Verst\u00e4rkung unseres Teams suchen wir zum n\u00e4chstm\u00f6glichen Termin einen<\/span><\/span><\/p>\n<p>&nbsp;<\/p>\n<p style=\"font-weight: 400;\"><span style=\"font-family: arial, helvetica, sans-serif; font-size: 14pt;\"><span style=\"font-size: 18pt;\"><strong><em>Elektroniker \/ Servicetechniker<\/em><\/strong><\/span><em> (w\/m\/d) <\/em><\/span><\/p>\n<p style=\"font-weight: 400;\"><span style=\"font-family: arial, helvetica, sans-serif; font-size: 14pt;\"><em>\u00a0<\/em><\/span><\/p>\n<p style=\"font-weight: 400;\"><span style=\"font-family: arial, helvetica, sans-serif; font-size: 14pt;\">Die Aufgabenschwerpunkte:<\/span><\/p>\n<ul>\n<li style=\"list-style-type: none;\">\n<ul>\n<li><span style=\"font-family: arial, helvetica, sans-serif; font-size: 14pt;\">Anfertigung elektronischer Baugruppen und Verdrahtung von Ger\u00e4ten<\/span><\/li>\n<li><span style=\"font-family: arial, helvetica, sans-serif; font-size: 14pt;\">Inbetriebnahme und eigenverantwortliche Reparatur- und Wartung unserer Hightech- Hochspannungsgeneratoren<\/span><\/li>\n<li><span style=\"font-family: arial, helvetica, sans-serif; font-size: 14pt;\">Telefon und E-Mail-Support sowie vor Ort Serviceeinsatz bei unseren Kunden<\/span><\/li>\n<\/ul>\n<\/li>\n<\/ul>\n<p><span style=\"font-family: arial, helvetica, sans-serif; font-size: 14pt;\">Ihr Profil:<\/span><\/p>\n<ul>\n<li style=\"list-style-type: none;\">\n<ul>\n<li><span style=\"font-family: arial, helvetica, sans-serif;\"><span style=\"font-size: 14pt;\">Sie verf\u00fcgen \u00fcber eine abgeschlossene Ausbildung zum Elektroniker f\u00fcr Ger\u00e4te und Systeme <\/span><span style=\"font-size: 14pt;\">oder vergleichbarer Ausbildung<\/span><\/span><\/li>\n<li><span style=\"font-family: arial, helvetica, sans-serif; font-size: 14pt;\">Gute Englischkenntnisse in Wort und Schrift<\/span><\/li>\n<li><span style=\"font-family: arial, helvetica, sans-serif; font-size: 14pt;\">Sie besitzen eine g\u00fcltige Fahrerlaubnis der Klasse B <\/span><\/li>\n<li><span style=\"font-family: arial, helvetica, sans-serif; font-size: 14pt;\">Sie haben Freude am direkten Kundenkontakt.<\/span><\/li>\n<\/ul>\n<\/li>\n<\/ul>\n<p><span style=\"font-size: 14pt; font-family: arial, helvetica, sans-serif;\">Konnten wir Ihr Interesse wecken? Dann freuen wir uns \u00fcber Ihre vollst\u00e4ndigen Bewerbungsunterlagen per Post oder per E-Mail an:<\/span><\/p>\n<p><span style=\"font-family: arial, helvetica, sans-serif; font-size: 14pt;\">SIT Sohnrey Industrietechnik GmbH<\/span><br \/>\n<span style=\"font-family: arial, helvetica, sans-serif; font-size: 14pt;\">Micha Sohnrey<\/span><br \/>\n<span style=\"font-family: arial, helvetica, sans-serif; font-size: 14pt;\">Schwarzwaldstr. 5<\/span><br \/>\n<span style=\"font-family: arial, helvetica, sans-serif; font-size: 14pt;\">D-75173 Pforzheim<\/span><\/p>\n<p style=\"font-weight: 400;\"><span style=\"font-family: arial, helvetica, sans-serif; font-size: 14pt;\"><a href=\"mailto:ms@sohnrey-it.de\">sit-office@sohnrey-it.de<\/a><\/span><\/p>\n","protected":false},"excerpt":{"rendered":"<p>Die Firma SIT GmbH ist ein seit \u00fcber 20 Jahren vom Eigent\u00fcmer gef\u00fchrtes Familienunternehmen und entwickelt und liefert Corona- und Plasma-Generatoren f\u00fcr die Vorbehandlung von Oberfl\u00e4chen an namhafte Industrie-Unternehmen. Zur&hellip; <br \/> <a class=\"read-more\" href=\"https:\/\/sohnrey-it.de\/?page_id=1121\">Weiterlesen<\/a><\/p>\n","protected":false},"author":1,"featured_media":0,"parent":0,"menu_order":0,"comment_status":"closed","ping_status":"closed","template":"","meta":{"footnotes":""},"jetpack_sharing_enabled":true,"_links":{"self":[{"href":"https:\/\/sohnrey-it.de\/index.php?rest_route=\/wp\/v2\/pages\/1121"}],"collection":[{"href":"https:\/\/sohnrey-it.de\/index.php?rest_route=\/wp\/v2\/pages"}],"about":[{"href":"https:\/\/sohnrey-it.de\/index.php?rest_route=\/wp\/v2\/types\/page"}],"author":[{"embeddable":true,"href":"https:\/\/sohnrey-it.de\/index.php?rest_route=\/wp\/v2\/users\/1"}],"replies":[{"embeddable":true,"href":"https:\/\/sohnrey-it.de\/index.php?rest_route=%2Fwp%2Fv2%2Fcomments&post=1121"}],"version-history":[{"count":6,"href":"https:\/\/sohnrey-it.de\/index.php?rest_route=\/wp\/v2\/pages\/1121\/revisions"}],"predecessor-version":[{"id":1129,"href":"https:\/\/sohnrey-it.de\/index.php?rest_route=\/wp\/v2\/pages\/1121\/revisions\/1129"}],"wp:attachment":[{"href":"https:\/\/sohnrey-it.de\/index.php?rest_route=%2Fwp%2Fv2%2Fmedia&parent=1121"}],"curies":[{"name":"wp","href":"https:\/\/api.w.org\/{rel}","templated":true}]}}