{"id":125,"date":"2019-01-08T18:07:35","date_gmt":"2019-01-08T18:07:35","guid":{"rendered":"http:\/\/sohnrey-it.de\/?page_id=125"},"modified":"2024-03-25T20:13:27","modified_gmt":"2024-03-25T19:13:27","slug":"impressum","status":"publish","type":"page","link":"https:\/\/sohnrey-it.de\/?page_id=125","title":{"rendered":"Impressum"},"content":{"rendered":"<div id=\"pl-125\"  class=\"panel-layout\" ><div id=\"pg-125-0\"  class=\"panel-grid panel-no-style\" ><div id=\"pgc-125-0-0\"  class=\"panel-grid-cell panel-grid-cell-empty\" ><\/div><div id=\"pgc-125-0-1\"  class=\"panel-grid-cell\" ><div id=\"panel-125-0-1-0\" class=\"so-panel widget widget_sow-editor panel-first-child panel-last-child\" data-index=\"0\" ><div\n\t\t\t\n\t\t\tclass=\"so-widget-sow-editor so-widget-sow-editor-base\"\n\t\t\t\n\t\t>\n<div class=\"siteorigin-widget-tinymce textwidget\">\n\t<p class=\"style5\"><b><span style=\"font-size: small;\">Firmen<\/span><span style=\"font-size: small;\">anschrift<\/span><\/b><\/p>\n<p class=\"style5\" style=\"text-align: left;\"><span class=\"Stil14\"><strong><span class=\"Stil8\" style=\"color: #ff0000;\">S<\/span><span class=\"Stil9\" style=\"color: #339966;\">I<\/span><span class=\"Stil10\" style=\"color: #3366ff;\">T<\/span><\/strong><\/span><span style=\"font-size: small;\"> SOHNREY INDUSTRIETECHNIK GmbH<\/span><\/p>\n<p class=\"style21\"><span style=\"font-size: 10pt;\"><strong>Schwarzwaldstr. 5<\/strong><\/span><\/p>\n<p class=\"style21\"><span style=\"font-size: 10pt;\"><strong>D-75173 Pforzheim<\/strong><\/span><\/p>\n<p>&nbsp;<\/p>\n<p class=\"style20\"><span style=\"font-size: 10pt;\"><strong>Tel.:\u00a0 +49 (0) 7231 29 88 06 <\/strong><\/span><\/p>\n<p class=\"style20\"><span style=\"font-size: 10pt;\"><strong>Fax: + 49 (0) 7231 29 88 07<\/strong><\/span><\/p>\n<p>&nbsp;<\/p>\n<p class=\"style20\"><span style=\"font-size: 10pt;\"><strong>E-Mail:\u00a0 info@sohnrey-it.de<\/strong><\/span><\/p>\n<p class=\"style20\"><span style=\"font-size: 10pt;\"><strong>Website: www.sohnrey-it.de<\/strong><\/span><\/p>\n<p>&nbsp;<\/p>\n<p class=\"style20\"><span style=\"font-size: 10pt;\"><strong>Inhaber: Micha Sohnrey<\/strong><\/span><\/p>\n<p><span style=\"font-size: 10pt;\"><strong>Steuer-Nr. 41414\/32757 <\/strong><\/span><\/p>\n<p><span style=\"font-size: 10pt;\"><strong>Ust.-Id-Nr. DE311107910<\/strong><\/span><\/p>\n<\/div>\n<\/div><\/div><\/div><div id=\"pgc-125-0-2\"  class=\"panel-grid-cell panel-grid-cell-empty\" ><\/div><div id=\"pgc-125-0-3\"  class=\"panel-grid-cell panel-grid-cell-mobile-last\" ><div id=\"panel-125-0-3-0\" class=\"so-panel widget widget_sow-editor panel-first-child panel-last-child\" data-index=\"1\" ><div\n\t\t\t\n\t\t\tclass=\"so-widget-sow-editor so-widget-sow-editor-base\"\n\t\t\t\n\t\t>\n<div class=\"siteorigin-widget-tinymce textwidget\">\n\t<p class=\"style5\" style=\"text-align: left;\"><strong><span style=\"font-size: small;\">H<\/span><span style=\"font-family: Arial;\"><span style=\"font-size: small;\">aftungshinweis<\/span><\/span><\/strong><\/p>\n<p class=\"style5\" style=\"text-align: left;\"><span style=\"font-size: small;\">Trotz sorgf\u00e4ltiger inhaltlicher Kontrolle \u00fcbernehmen wir keine Haftung f\u00fcr die Inhalte externer Links. F\u00fcr den Inhalt der verlinkten Seiten sind ausschlie\u00dflich deren Betreiber verantwortlich.<\/span><\/p>\n<p class=\"style5\" style=\"text-align: left;\"><span style=\"color: #000080; font-size: small;\">\u00a0<\/span><\/p>\n<p class=\"style5\" style=\"text-align: left;\"><span style=\"font-size: small;\">S\u00e4mtliche angebotenen Informationen d\u00fcrfen - auch auszugsweise - nur mit schriftlicher Genehmigung von <\/span><span style=\"font-size: small;\">SOHNREY INDUSTRIETECHNIK<\/span><span style=\"font-size: small;\">weiterverbreitet oder anderweitig ver\u00f6ffentlicht werden. Keinesfalls ist es gestattet, die abgerufenen Informationen online oder auf andere Medien weiterzuverbreiten oder kommerziell zu nutzen!<\/span><\/p>\n<p class=\"style5\" style=\"text-align: left;\"><span style=\"color: #000080; font-size: small;\">\u00a0<\/span><\/p>\n<p class=\"style5\" style=\"text-align: left;\"><span style=\"font-size: small;\">Verantwortlich f\u00fcr den Inhalt gem\u00e4\u00df \u00a710 Abs. 3 MDStV.: Micha Sohnrey<\/span><\/p>\n<p class=\"style5\" style=\"text-align: left;\">\n<p class=\"style5\" style=\"text-align: left;\"><b><span style=\"font-size: small;\">Ver\u00f6ffentlichung durch:<\/span><\/b><\/p>\n<p class=\"style5\" style=\"text-align: left;\"><span class=\"Stil14\"><strong><span class=\"Stil8\"> S<\/span><span class=\"Stil9\">I<\/span><span class=\"Stil10\">T<\/span><\/strong><\/span><span style=\"font-size: small;\"> SOHNREY INDUSTRIETECHNIK GmbH<\/span><\/p>\n<\/div>\n<\/div><\/div><\/div><div id=\"pgc-125-0-4\"  class=\"panel-grid-cell panel-grid-cell-empty\" ><\/div><\/div><\/div>","protected":false},"excerpt":{"rendered":"<p>Firmenanschrift SIT SOHNREY INDUSTRIETECHNIK GmbH Schwarzwaldstr. 5 D-75173 Pforzheim &nbsp; Tel.:\u00a0 +49 (0) 7231 29 88 06 Fax: + 49 (0) 7231 29 88 07 &nbsp; E-Mail:\u00a0 info@sohnrey-it.de Website: www.sohnrey-it.de&hellip; <br \/> <a class=\"read-more\" href=\"https:\/\/sohnrey-it.de\/?page_id=125\">Weiterlesen<\/a><\/p>\n","protected":false},"author":1,"featured_media":0,"parent":0,"menu_order":0,"comment_status":"closed","ping_status":"closed","template":"","meta":{"footnotes":""},"jetpack_sharing_enabled":true,"_links":{"self":[{"href":"https:\/\/sohnrey-it.de\/index.php?rest_route=\/wp\/v2\/pages\/125"}],"collection":[{"href":"https:\/\/sohnrey-it.de\/index.php?rest_route=\/wp\/v2\/pages"}],"about":[{"href":"https:\/\/sohnrey-it.de\/index.php?rest_route=\/wp\/v2\/types\/page"}],"author":[{"embeddable":true,"href":"https:\/\/sohnrey-it.de\/index.php?rest_route=\/wp\/v2\/users\/1"}],"replies":[{"embeddable":true,"href":"https:\/\/sohnrey-it.de\/index.php?rest_route=%2Fwp%2Fv2%2Fcomments&post=125"}],"version-history":[{"count":8,"href":"https:\/\/sohnrey-it.de\/index.php?rest_route=\/wp\/v2\/pages\/125\/revisions"}],"predecessor-version":[{"id":1091,"href":"https:\/\/sohnrey-it.de\/index.php?rest_route=\/wp\/v2\/pages\/125\/revisions\/1091"}],"wp:attachment":[{"href":"https:\/\/sohnrey-it.de\/index.php?rest_route=%2Fwp%2Fv2%2Fmedia&parent=125"}],"curies":[{"name":"wp","href":"https:\/\/api.w.org\/{rel}","templated":true}]}}